{"id":26965,"date":"2022-10-22T22:14:07","date_gmt":"2022-10-22T18:14:07","guid":{"rendered":"https:\/\/7visionshotels.com\/additional-services\/visionary-experience-form\/"},"modified":"2026-03-12T20:00:37","modified_gmt":"2026-03-12T16:00:37","slug":"visionary-experience-form","status":"publish","type":"page","link":"https:\/\/7visionshotels.com\/pt-pt\/additional-services\/visionary-experience-form\/","title":{"rendered":"Formul\u00e1rio de Experi\u00eancia Vision\u00e1ria"},"content":{"rendered":"\t\t<div data-elementor-type=\"wp-page\" data-elementor-id=\"26965\" class=\"elementor elementor-26965 elementor-7857\" data-elementor-post-type=\"page\">\n\t\t\t\t\t\t<section class=\"elementor-section elementor-top-section elementor-element elementor-element-1d6e3a6 elementor-section-boxed elementor-section-height-default elementor-section-height-default\" data-id=\"1d6e3a6\" data-element_type=\"section\">\n\t\t\t\t\t\t<div class=\"elementor-container elementor-column-gap-default\">\n\t\t\t\t\t<div class=\"elementor-column elementor-col-100 elementor-top-column elementor-element elementor-element-a540092\" data-id=\"a540092\" data-element_type=\"column\">\n\t\t\t<div class=\"elementor-widget-wrap elementor-element-populated\">\n\t\t\t\t\t\t<div class=\"elementor-element elementor-element-2f2a829 btn-back elementor-widget elementor-widget-button\" data-id=\"2f2a829\" data-element_type=\"widget\" data-widget_type=\"button.default\">\n\t\t\t\t<div class=\"elementor-widget-container\">\n\t\t\t\t\t\t\t\t\t<div class=\"elementor-button-wrapper\">\n\t\t\t\t\t<a class=\"elementor-button elementor-size-sm\" role=\"button\" id=\"btn-back\">\n\t\t\t\t\t\t<span class=\"elementor-button-content-wrapper\">\n\t\t\t\t\t\t<span class=\"elementor-button-icon\">\n\t\t\t\t<i aria-hidden=\"true\" class=\"lqd-icn-ess icon-ion-caret-back\"><\/i>\t\t\t<\/span>\n\t\t\t\t\t\t\t\t\t<span class=\"elementor-button-text\">Volta atr\u00e1s<\/span>\n\t\t\t\t\t<\/span>\n\t\t\t\t\t<\/a>\n\t\t\t\t<\/div>\n\t\t\t\t\t\t\t\t<\/div>\n\t\t\t\t<\/div>\n\t\t\t\t\t<\/div>\n\t\t<\/div>\n\t\t\t\t\t<\/div>\n\t\t<\/section>\n\t\t\t\t<section class=\"elementor-section elementor-top-section elementor-element elementor-element-d0c9b18 elementor-section-boxed elementor-section-height-default elementor-section-height-default\" data-id=\"d0c9b18\" data-element_type=\"section\">\n\t\t\t\t\t\t<div class=\"elementor-container elementor-column-gap-default\">\n\t\t\t\t\t<div class=\"elementor-column elementor-col-100 elementor-top-column elementor-element elementor-element-07bc339\" data-id=\"07bc339\" data-element_type=\"column\">\n\t\t\t<div class=\"elementor-widget-wrap elementor-element-populated\">\n\t\t\t\t\t\t<div class=\"elementor-element elementor-element-58c59f4 elementor-widget elementor-widget-hub_fancy_heading lqd-el-has-inner-anim\" data-id=\"58c59f4\" data-element_type=\"widget\" data-settings=\"{&quot;enable_split&quot;:&quot;true&quot;,&quot;split_type&quot;:&quot;chars, words&quot;}\" data-widget_type=\"hub_fancy_heading.default\">\n\t\t\t\t<div class=\"elementor-widget-container\">\n\t\t\t\t\t\n\t\t<div id=\"ld-fancy-heading-69e19b6587ad2\" class=\"ld-fancy-heading pos-rel mask-text\">\n\t\t\t<h1 class=\"ld-fh-element d-inline-block pos-rel  elementor-heading-title lqd-highlight-classic lqd-highlight-grow-left lqd-split-chars h1\"  data-split-text=\"true\" data-split-options='{\"type\":\"chars, words\"}'> Formul\u00e1rio de pedido de experi\u00eancia vision\u00e1ria<\/h1>\t\t<\/div>\n\n\t\t\t\t\t\t<\/div>\n\t\t\t\t<\/div>\n\t\t\t\t<div class=\"elementor-element elementor-element-278ba25 elementor-widget elementor-widget-text-editor\" data-id=\"278ba25\" data-element_type=\"widget\" data-widget_type=\"text-editor.default\">\n\t\t\t\t<div class=\"elementor-widget-container\">\n\t\t\t\t\t\t\t\t\t<div id=\"field_22_17\" class=\"gfield gfield_html gfield_no_follows_desc field_sublabel_below field_description_below gfield_visibility_visible\" data-js-reload=\"field_22_17\"><div class=\"wi-form-footer\"><p class=\"mb-2\">Preenche o formul\u00e1rio abaixo e entraremos em contacto contigo<\/p><\/div><\/div>\t\t\t\t\t\t\t\t<\/div>\n\t\t\t\t<\/div>\n\t\t\t\t\t<\/div>\n\t\t<\/div>\n\t\t\t\t\t<\/div>\n\t\t<\/section>\n\t\t\t\t<section class=\"elementor-section elementor-top-section elementor-element elementor-element-4ea5606 elementor-section-boxed elementor-section-height-default elementor-section-height-default\" data-id=\"4ea5606\" data-element_type=\"section\">\n\t\t\t\t\t\t<div class=\"elementor-container elementor-column-gap-default\">\n\t\t\t\t\t<div class=\"elementor-column elementor-col-100 elementor-top-column elementor-element elementor-element-46162da\" data-id=\"46162da\" data-element_type=\"column\">\n\t\t\t<div class=\"elementor-widget-wrap elementor-element-populated\">\n\t\t\t\t\t\t<div class=\"elementor-element elementor-element-955b5b3 elementor-button-align-center elementor-widget elementor-widget-form\" data-id=\"955b5b3\" data-element_type=\"widget\" data-settings=\"{&quot;step_next_label&quot;:&quot;Seguinte&quot;,&quot;step_previous_label&quot;:&quot;Anterior&quot;,&quot;button_width&quot;:&quot;100&quot;,&quot;step_type&quot;:&quot;number_text&quot;,&quot;step_icon_shape&quot;:&quot;circle&quot;}\" data-widget_type=\"form.default\">\n\t\t\t\t<div class=\"elementor-widget-container\">\n\t\t\t\t\t\t\t<form class=\"elementor-form\" method=\"post\" name=\"Novo formul\u00e1rio\" aria-label=\"Novo formul\u00e1rio\">\n\t\t\t<input type=\"hidden\" name=\"post_id\" value=\"26965\"\/>\n\t\t\t<input type=\"hidden\" name=\"form_id\" value=\"955b5b3\"\/>\n\t\t\t<input type=\"hidden\" name=\"referer_title\" value=\"Formul\u00e1rio de Experi\u00eancia Vision\u00e1ria - Seven Visions Resort &amp; Places, The Dvin\" \/>\n\n\t\t\t\t\t\t\t<input type=\"hidden\" name=\"queried_id\" value=\"26965\"\/>\n\t\t\t\n\t\t\t<div class=\"elementor-form-fields-wrapper elementor-labels-\">\n\t\t\t\t\t\t\t\t<div class=\"elementor-field-type-text elementor-field-group elementor-column elementor-field-group-name elementor-col-50 elementor-field-required\">\n\t\t\t\t\t\t\t\t\t\t\t\t<label for=\"form-field-name\" class=\"elementor-field-label elementor-screen-only\">\n\t\t\t\t\t\t\t\tNome pr\u00f3prio\t\t\t\t\t\t\t<\/label>\n\t\t\t\t\t\t\t\t\t\t\t\t\t\t<input size=\"1\" type=\"text\" name=\"form_fields[name]\" id=\"form-field-name\" class=\"elementor-field elementor-size-sm  elementor-field-textual\" placeholder=\"Nome pr\u00f3prio *\" required=\"required\">\n\t\t\t\t\t\t\t\t\t\t\t<\/div>\n\t\t\t\t\t\t\t\t<div class=\"elementor-field-type-text elementor-field-group elementor-column elementor-field-group-field_ec6d277 elementor-col-50 elementor-field-required\">\n\t\t\t\t\t\t\t\t\t\t\t\t<label for=\"form-field-field_ec6d277\" class=\"elementor-field-label elementor-screen-only\">\n\t\t\t\t\t\t\t\tApelido\t\t\t\t\t\t\t<\/label>\n\t\t\t\t\t\t\t\t\t\t\t\t\t\t<input size=\"1\" type=\"text\" name=\"form_fields[field_ec6d277]\" id=\"form-field-field_ec6d277\" class=\"elementor-field elementor-size-sm  elementor-field-textual\" placeholder=\"Apelido *\" required=\"required\">\n\t\t\t\t\t\t\t\t\t\t\t<\/div>\n\t\t\t\t\t\t\t\t<div class=\"elementor-field-type-select elementor-field-group elementor-column elementor-field-group-field_980fb13 elementor-col-50 elementor-field-required\">\n\t\t\t\t\t\t\t\t\t\t\t\t<label for=\"form-field-field_980fb13\" class=\"elementor-field-label elementor-screen-only\">\n\t\t\t\t\t\t\t\tSeleciona o tipo de pedido\t\t\t\t\t\t\t<\/label>\n\t\t\t\t\t\t\t\t<div class=\"elementor-field elementor-select-wrapper remove-before \">\n\t\t\t<div class=\"select-caret-down-wrapper\">\n\t\t\t\t<svg aria-hidden=\"true\" class=\"e-font-icon-svg e-eicon-caret-down\" viewBox=\"0 0 571.4 571.4\" xmlns=\"http:\/\/www.w3.org\/2000\/svg\"><path d=\"M571 393Q571 407 561 418L311 668Q300 679 286 679T261 668L11 418Q0 407 0 393T11 368 36 357H536Q550 357 561 368T571 393Z\"><\/path><\/svg>\t\t\t<\/div>\n\t\t\t<select name=\"form_fields[field_980fb13]\" id=\"form-field-field_980fb13\" class=\"elementor-field-textual elementor-size-sm\" required=\"required\">\n\t\t\t\t\t\t\t\t\t<option value=\"Seleciona o tipo de pedido *\">Seleciona o tipo de pedido *<\/option>\n\t\t\t\t\t\t\t\t\t<option value=\"Visita especialmente concebida\">Visita especialmente concebida<\/option>\n\t\t\t\t\t\t\t\t\t<option value=\"Arranjos florais\">Arranjos florais<\/option>\n\t\t\t\t\t\t\t\t\t<option value=\"Servi\u00e7o de mordomo\">Servi\u00e7o de mordomo<\/option>\n\t\t\t\t\t\t\t\t\t<option value=\"Servi\u00e7o de mordomo para animais de estima\u00e7\u00e3o\">Servi\u00e7o de mordomo para animais de estima\u00e7\u00e3o<\/option>\n\t\t\t\t\t\t\t<\/select>\n\t\t<\/div>\n\t\t\t\t\t\t<\/div>\n\t\t\t\t\t\t\t\t<div class=\"elementor-field-type-date elementor-field-group elementor-column elementor-field-group-field_29aebeb elementor-col-50 elementor-field-required\">\n\t\t\t\t\t\t\t\t\t\t\t\t<label for=\"form-field-field_29aebeb\" class=\"elementor-field-label elementor-screen-only\">\n\t\t\t\t\t\t\t\tData\t\t\t\t\t\t\t<\/label>\n\t\t\t\t\t\t\n\t\t<input type=\"date\" name=\"form_fields[field_29aebeb]\" id=\"form-field-field_29aebeb\" class=\"elementor-field elementor-size-sm  elementor-field-textual elementor-date-field\" placeholder=\"Seleciona a tua data *\" required=\"required\" pattern=\"[0-9]{4}-[0-9]{2}-[0-9]{2}\">\n\t\t\t\t\t\t<\/div>\n\t\t\t\t\t\t\t\t<div class=\"elementor-field-type-tel elementor-field-group elementor-column elementor-field-group-field_54f626a elementor-col-50 elementor-field-required\">\n\t\t\t\t\t\t\t\t\t\t\t\t<label for=\"form-field-field_54f626a\" class=\"elementor-field-label elementor-screen-only\">\n\t\t\t\t\t\t\t\tTelem\u00f3vel\t\t\t\t\t\t\t<\/label>\n\t\t\t\t\t\t\t\t<input size=\"1\" type=\"tel\" name=\"form_fields[field_54f626a]\" id=\"form-field-field_54f626a\" class=\"elementor-field elementor-size-sm  elementor-field-textual\" placeholder=\"Telem\u00f3vel *\" required=\"required\" pattern=\"[0-9()#&amp;+*-=.]+\" title=\"Only numbers and phone characters (#, -, *, etc) are accepted.\">\n\n\t\t\t\t\t\t<\/div>\n\t\t\t\t\t\t\t\t<div class=\"elementor-field-type-email elementor-field-group elementor-column elementor-field-group-email elementor-col-50\">\n\t\t\t\t\t\t\t\t\t\t\t\t<label for=\"form-field-email\" class=\"elementor-field-label elementor-screen-only\">\n\t\t\t\t\t\t\t\tCorreio eletr\u00f3nico\t\t\t\t\t\t\t<\/label>\n\t\t\t\t\t\t\t\t\t\t\t\t\t\t<input size=\"1\" type=\"email\" name=\"form_fields[email]\" id=\"form-field-email\" class=\"elementor-field elementor-size-sm  elementor-field-textual\" placeholder=\"Correio eletr\u00f3nico\">\n\t\t\t\t\t\t\t\t\t\t\t<\/div>\n\t\t\t\t\t\t\t\t<div class=\"elementor-field-type-textarea elementor-field-group elementor-column elementor-field-group-message elementor-col-100\">\n\t\t\t\t\t\t\t\t\t\t\t\t<label for=\"form-field-message\" class=\"elementor-field-label elementor-screen-only\">\n\t\t\t\t\t\t\t\tRequisitos\t\t\t\t\t\t\t<\/label>\n\t\t\t\t\t\t<textarea class=\"elementor-field-textual elementor-field  elementor-size-sm\" name=\"form_fields[message]\" id=\"form-field-message\" rows=\"1\" placeholder=\"Fala-nos do teu pedido (opcional)\"><\/textarea>\t\t\t\t<\/div>\n\t\t\t\t\t\t\t\t<div class=\"elementor-field-type-acceptance elementor-field-group elementor-column elementor-field-group-field_bdc8730 elementor-col-100\">\n\t\t\t\t\t\t\t\t\t\t\t\t<label for=\"form-field-field_bdc8730\" class=\"elementor-field-label elementor-screen-only\">\n\t\t\t\t\t\t\t\tAcordo de conte\u00fado promocional\t\t\t\t\t\t\t<\/label>\n\t\t\t\t\t\t\t\t<div class=\"elementor-field-subgroup\">\n\t\t\t<span class=\"elementor-field-option\">\n\t\t\t\t<input type=\"checkbox\" name=\"form_fields[field_bdc8730]\" id=\"form-field-field_bdc8730\" class=\"elementor-field elementor-size-sm  elementor-acceptance-field\">\n\t\t\t\t<label for=\"form-field-field_bdc8730\">Aceito que os meus dados sejam processados de acordo com a Pol\u00edtica de Privacidade, para que me possas enviar conte\u00fados de marketing e promocionais.<\/label>\t\t\t<\/span>\n\t\t<\/div>\n\t\t\t\t\t\t<\/div>\n\t\t\t\t\t\t\t\t<div class=\"elementor-field-type-acceptance elementor-field-group elementor-column elementor-field-group-field_8ab3102 elementor-col-100\">\n\t\t\t\t\t\t\t\t\t\t\t\t<label for=\"form-field-field_8ab3102\" class=\"elementor-field-label elementor-screen-only\">\n\t\t\t\t\t\t\t\tAcordo de comunica\u00e7\u00e3o com terceiros\t\t\t\t\t\t\t<\/label>\n\t\t\t\t\t\t\t\t<div class=\"elementor-field-subgroup\">\n\t\t\t<span class=\"elementor-field-option\">\n\t\t\t\t<input type=\"checkbox\" name=\"form_fields[field_8ab3102]\" id=\"form-field-field_8ab3102\" class=\"elementor-field elementor-size-sm  elementor-acceptance-field\">\n\t\t\t\t<label for=\"form-field-field_8ab3102\">Aceito que os meus dados sejam tratados em conformidade com a Pol\u00edtica de Privacidade para permitir a comunica\u00e7\u00e3o a terceiros.<\/label>\t\t\t<\/span>\n\t\t<\/div>\n\t\t\t\t\t\t<\/div>\n\t\t\t\t\t\t\t\t<div class=\"elementor-field-group elementor-column elementor-field-type-submit elementor-col-100 e-form__buttons\">\n\t\t\t\t\t<button class=\"elementor-button elementor-size-sm\" type=\"submit\">\n\t\t\t\t\t\t<span class=\"elementor-button-content-wrapper\">\n\t\t\t\t\t\t\t\t\t\t\t\t\t\t\t\t\t\t\t\t\t\t<span class=\"elementor-button-text\">ENVIAR PEDIDO<\/span>\n\t\t\t\t\t\t\t\t\t\t\t\t\t<\/span>\n\t\t\t\t\t<\/button>\n\t\t\t\t<\/div>\n\t\t\t<\/div>\n\t\t<\/form>\n\t\t\t\t\t\t<\/div>\n\t\t\t\t<\/div>\n\t\t\t\t\t<\/div>\n\t\t<\/div>\n\t\t\t\t\t<\/div>\n\t\t<\/section>\n\t\t\t\t<\/div>\n\t\t","protected":false},"excerpt":{"rendered":"<p>Volta atr\u00e1s Formul\u00e1rio de pedido de experi\u00eancia vision\u00e1ria Preenche o formul\u00e1rio abaixo e entraremos em contacto contigo<\/p>\n","protected":false},"author":1,"featured_media":0,"parent":26910,"menu_order":0,"comment_status":"closed","ping_status":"closed","template":"elementor_header_footer","meta":{"_acf_changed":false,"footnotes":""},"class_list":["post-26965","page","type-page","status-publish","hentry"],"acf":[],"yoast_head":"<!-- This site is optimized with the Yoast SEO plugin v26.5 - https:\/\/yoast.com\/wordpress\/plugins\/seo\/ -->\n<title>Formul\u00e1rio de Experi\u00eancia Vision\u00e1ria - Seven Visions Resort &amp; Places, The Dvin<\/title>\n<meta name=\"robots\" content=\"index, follow, max-snippet:-1, max-image-preview:large, max-video-preview:-1\" \/>\n<link rel=\"canonical\" href=\"https:\/\/7visionshotels.com\/pt-pt\/additional-services\/visionary-experience-form\/\" \/>\n<meta property=\"og:locale\" content=\"pt_PT\" \/>\n<meta property=\"og:type\" content=\"article\" \/>\n<meta property=\"og:title\" content=\"Formul\u00e1rio de Experi\u00eancia Vision\u00e1ria - Seven Visions Resort &amp; Places, The Dvin\" \/>\n<meta property=\"og:description\" content=\"Volta atr\u00e1s Formul\u00e1rio de pedido de experi\u00eancia vision\u00e1ria Preenche o formul\u00e1rio abaixo e entraremos em contacto contigo\" \/>\n<meta property=\"og:url\" content=\"https:\/\/7visionshotels.com\/pt-pt\/additional-services\/visionary-experience-form\/\" \/>\n<meta property=\"og:site_name\" content=\"Seven Visions Resort &amp; Places, The Dvin\" \/>\n<meta property=\"article:publisher\" content=\"https:\/\/www.facebook.com\/sevenvisionshotels.places\/\" \/>\n<meta property=\"article:modified_time\" content=\"2026-03-12T16:00:37+00:00\" \/>\n<meta name=\"twitter:card\" content=\"summary_large_image\" \/>\n<script type=\"application\/ld+json\" class=\"yoast-schema-graph\">{\"@context\":\"https:\/\/schema.org\",\"@graph\":[{\"@type\":\"WebPage\",\"@id\":\"https:\/\/7visionshotels.com\/pt-pt\/additional-services\/visionary-experience-form\/\",\"url\":\"https:\/\/7visionshotels.com\/pt-pt\/additional-services\/visionary-experience-form\/\",\"name\":\"Formul\u00e1rio de Experi\u00eancia Vision\u00e1ria - Seven Visions Resort &amp; Places, The Dvin\",\"isPartOf\":{\"@id\":\"https:\/\/7visionshotels.com\/pt-pt\/#website\"},\"datePublished\":\"2022-10-22T18:14:07+00:00\",\"dateModified\":\"2026-03-12T16:00:37+00:00\",\"breadcrumb\":{\"@id\":\"https:\/\/7visionshotels.com\/pt-pt\/additional-services\/visionary-experience-form\/#breadcrumb\"},\"inLanguage\":\"pt-PT\",\"potentialAction\":[{\"@type\":\"ReadAction\",\"target\":[\"https:\/\/7visionshotels.com\/pt-pt\/additional-services\/visionary-experience-form\/\"]}]},{\"@type\":\"BreadcrumbList\",\"@id\":\"https:\/\/7visionshotels.com\/pt-pt\/additional-services\/visionary-experience-form\/#breadcrumb\",\"itemListElement\":[{\"@type\":\"ListItem\",\"position\":1,\"name\":\"Home\",\"item\":\"https:\/\/7visionshotels.com\/pt-pt\/\"},{\"@type\":\"ListItem\",\"position\":2,\"name\":\"Servi\u00e7os adicionais\",\"item\":\"https:\/\/7visionshotels.com\/pt-pt\/additional-services\/\"},{\"@type\":\"ListItem\",\"position\":3,\"name\":\"Formul\u00e1rio de Experi\u00eancia Vision\u00e1ria\"}]},{\"@type\":\"WebSite\",\"@id\":\"https:\/\/7visionshotels.com\/pt-pt\/#website\",\"url\":\"https:\/\/7visionshotels.com\/pt-pt\/\",\"name\":\"Seven Visions Resort &amp; Places, The Dvin\",\"description\":\"\",\"publisher\":{\"@id\":\"https:\/\/7visionshotels.com\/pt-pt\/#organization\"},\"potentialAction\":[{\"@type\":\"SearchAction\",\"target\":{\"@type\":\"EntryPoint\",\"urlTemplate\":\"https:\/\/7visionshotels.com\/pt-pt\/?s={search_term_string}\"},\"query-input\":{\"@type\":\"PropertyValueSpecification\",\"valueRequired\":true,\"valueName\":\"search_term_string\"}}],\"inLanguage\":\"pt-PT\"},{\"@type\":\"Organization\",\"@id\":\"https:\/\/7visionshotels.com\/pt-pt\/#organization\",\"name\":\"Seven Visions Resort &amp; Places, The Dvin\",\"url\":\"https:\/\/7visionshotels.com\/pt-pt\/\",\"logo\":{\"@type\":\"ImageObject\",\"inLanguage\":\"pt-PT\",\"@id\":\"https:\/\/7visionshotels.com\/pt-pt\/#\/schema\/logo\/image\/\",\"url\":\"https:\/\/7visionshotels.com\/wp-content\/uploads\/2022\/04\/7visions-logo.svg\",\"contentUrl\":\"https:\/\/7visionshotels.com\/wp-content\/uploads\/2022\/04\/7visions-logo.svg\",\"width\":55,\"height\":35,\"caption\":\"Seven Visions Resort &amp; Places, The Dvin\"},\"image\":{\"@id\":\"https:\/\/7visionshotels.com\/pt-pt\/#\/schema\/logo\/image\/\"},\"sameAs\":[\"https:\/\/www.facebook.com\/sevenvisionshotels.places\/\",\"https:\/\/www.instagram.com\/seven_visions_hotels\",\"https:\/\/www.youtube.com\/@sevenvisions\"]}]}<\/script>\n<!-- \/ Yoast SEO plugin. -->","yoast_head_json":{"title":"Formul\u00e1rio de Experi\u00eancia Vision\u00e1ria - Seven Visions Resort &amp; Places, The Dvin","robots":{"index":"index","follow":"follow","max-snippet":"max-snippet:-1","max-image-preview":"max-image-preview:large","max-video-preview":"max-video-preview:-1"},"canonical":"https:\/\/7visionshotels.com\/pt-pt\/additional-services\/visionary-experience-form\/","og_locale":"pt_PT","og_type":"article","og_title":"Formul\u00e1rio de Experi\u00eancia Vision\u00e1ria - Seven Visions Resort &amp; Places, The Dvin","og_description":"Volta atr\u00e1s Formul\u00e1rio de pedido de experi\u00eancia vision\u00e1ria Preenche o formul\u00e1rio abaixo e entraremos em contacto contigo","og_url":"https:\/\/7visionshotels.com\/pt-pt\/additional-services\/visionary-experience-form\/","og_site_name":"Seven Visions Resort &amp; Places, The Dvin","article_publisher":"https:\/\/www.facebook.com\/sevenvisionshotels.places\/","article_modified_time":"2026-03-12T16:00:37+00:00","twitter_card":"summary_large_image","schema":{"@context":"https:\/\/schema.org","@graph":[{"@type":"WebPage","@id":"https:\/\/7visionshotels.com\/pt-pt\/additional-services\/visionary-experience-form\/","url":"https:\/\/7visionshotels.com\/pt-pt\/additional-services\/visionary-experience-form\/","name":"Formul\u00e1rio de Experi\u00eancia Vision\u00e1ria - Seven Visions Resort &amp; Places, The Dvin","isPartOf":{"@id":"https:\/\/7visionshotels.com\/pt-pt\/#website"},"datePublished":"2022-10-22T18:14:07+00:00","dateModified":"2026-03-12T16:00:37+00:00","breadcrumb":{"@id":"https:\/\/7visionshotels.com\/pt-pt\/additional-services\/visionary-experience-form\/#breadcrumb"},"inLanguage":"pt-PT","potentialAction":[{"@type":"ReadAction","target":["https:\/\/7visionshotels.com\/pt-pt\/additional-services\/visionary-experience-form\/"]}]},{"@type":"BreadcrumbList","@id":"https:\/\/7visionshotels.com\/pt-pt\/additional-services\/visionary-experience-form\/#breadcrumb","itemListElement":[{"@type":"ListItem","position":1,"name":"Home","item":"https:\/\/7visionshotels.com\/pt-pt\/"},{"@type":"ListItem","position":2,"name":"Servi\u00e7os adicionais","item":"https:\/\/7visionshotels.com\/pt-pt\/additional-services\/"},{"@type":"ListItem","position":3,"name":"Formul\u00e1rio de Experi\u00eancia Vision\u00e1ria"}]},{"@type":"WebSite","@id":"https:\/\/7visionshotels.com\/pt-pt\/#website","url":"https:\/\/7visionshotels.com\/pt-pt\/","name":"Seven Visions Resort &amp; Places, The Dvin","description":"","publisher":{"@id":"https:\/\/7visionshotels.com\/pt-pt\/#organization"},"potentialAction":[{"@type":"SearchAction","target":{"@type":"EntryPoint","urlTemplate":"https:\/\/7visionshotels.com\/pt-pt\/?s={search_term_string}"},"query-input":{"@type":"PropertyValueSpecification","valueRequired":true,"valueName":"search_term_string"}}],"inLanguage":"pt-PT"},{"@type":"Organization","@id":"https:\/\/7visionshotels.com\/pt-pt\/#organization","name":"Seven Visions Resort &amp; Places, The Dvin","url":"https:\/\/7visionshotels.com\/pt-pt\/","logo":{"@type":"ImageObject","inLanguage":"pt-PT","@id":"https:\/\/7visionshotels.com\/pt-pt\/#\/schema\/logo\/image\/","url":"https:\/\/7visionshotels.com\/wp-content\/uploads\/2022\/04\/7visions-logo.svg","contentUrl":"https:\/\/7visionshotels.com\/wp-content\/uploads\/2022\/04\/7visions-logo.svg","width":55,"height":35,"caption":"Seven Visions Resort &amp; Places, The Dvin"},"image":{"@id":"https:\/\/7visionshotels.com\/pt-pt\/#\/schema\/logo\/image\/"},"sameAs":["https:\/\/www.facebook.com\/sevenvisionshotels.places\/","https:\/\/www.instagram.com\/seven_visions_hotels","https:\/\/www.youtube.com\/@sevenvisions"]}]}},"_links":{"self":[{"href":"https:\/\/7visionshotels.com\/pt-pt\/wp-json\/wp\/v2\/pages\/26965","targetHints":{"allow":["GET"]}}],"collection":[{"href":"https:\/\/7visionshotels.com\/pt-pt\/wp-json\/wp\/v2\/pages"}],"about":[{"href":"https:\/\/7visionshotels.com\/pt-pt\/wp-json\/wp\/v2\/types\/page"}],"author":[{"embeddable":true,"href":"https:\/\/7visionshotels.com\/pt-pt\/wp-json\/wp\/v2\/users\/1"}],"replies":[{"embeddable":true,"href":"https:\/\/7visionshotels.com\/pt-pt\/wp-json\/wp\/v2\/comments?post=26965"}],"version-history":[{"count":1,"href":"https:\/\/7visionshotels.com\/pt-pt\/wp-json\/wp\/v2\/pages\/26965\/revisions"}],"predecessor-version":[{"id":26968,"href":"https:\/\/7visionshotels.com\/pt-pt\/wp-json\/wp\/v2\/pages\/26965\/revisions\/26968"}],"up":[{"embeddable":true,"href":"https:\/\/7visionshotels.com\/pt-pt\/wp-json\/wp\/v2\/pages\/26910"}],"wp:attachment":[{"href":"https:\/\/7visionshotels.com\/pt-pt\/wp-json\/wp\/v2\/media?parent=26965"}],"curies":[{"name":"wp","href":"https:\/\/api.w.org\/{rel}","templated":true}]}}