{"id":18265,"date":"2025-07-12T20:06:32","date_gmt":"2025-07-12T16:06:32","guid":{"rendered":"https:\/\/7visionshotels.com\/resort-history\/"},"modified":"2026-04-16T19:10:31","modified_gmt":"2026-04-16T15:10:31","slug":"resort-history","status":"publish","type":"page","link":"https:\/\/7visionshotels.com\/es\/resort-history\/","title":{"rendered":"Resort History"},"content":{"rendered":"\t\t<div data-elementor-type=\"wp-page\" data-elementor-id=\"18265\" class=\"elementor elementor-18265 elementor-18254\" data-elementor-post-type=\"page\">\n\t\t\t\t\t\t<section class=\"elementor-section elementor-top-section elementor-element elementor-element-dcfdeb1 elementor-section-height-min-height elementor-section-items-stretch elementor-section-boxed elementor-section-height-default\" data-id=\"dcfdeb1\" data-element_type=\"section\" data-settings=\"{&quot;background_background&quot;:&quot;classic&quot;}\">\n\t\t\t\t\t\t\t<div class=\"elementor-background-overlay\"><\/div>\n\t\t\t\t\t\t\t<div class=\"elementor-container elementor-column-gap-default\">\n\t\t\t\t\t<div data-parallax=\"true\" data-parallax-options=\"{&quot;ease&quot;:[&quot;linear&quot;],&quot;start&quot;:&quot;top top&quot;,&quot;end&quot;:&quot;bottom+=0px top&quot;}\" data-parallax-from=\"{&quot;y&quot;:&quot;0px&quot;,&quot;opacity&quot;:1,&quot;transformOrigin&quot;:&quot;50% 50% 0px&quot;}\" data-parallax-to=\"{&quot;y&quot;:&quot;-100px&quot;,&quot;opacity&quot;:0,&quot;transformOrigin&quot;:&quot;50% 50% 0px&quot;}\" data-custom-animations=\"true\" data-ca-options=\"{&quot;addChildTimelines&quot;:false,&quot;trigger&quot;:&quot;firstChild&quot;,&quot;animationTarget&quot;:&quot;:scope &gt; .elementor-widget-wrap &gt; .elementor-element &gt; .elementor-widget-container, :scope &gt; .elementor-widget-wrap &gt; .elementor-section &gt; .elementor-container &gt; .elementor-column &gt; .elementor-widget-wrap &gt; .elementor-element:not(.lqd-el-has-inner-anim) &gt; .elementor-widget-container, :scope &gt; .elementor-widget-wrap &gt; .elementor-widget-hub_fancy_heading .lqd-split-lines .lqd-lines .split-inner, :scope &gt; .elementor-widget-wrap &gt; .elementor-widget-hub_fancy_heading .lqd-split-words .lqd-words .split-inner, :scope &gt; .elementor-widget-wrap &gt; .elementor-widget-hub_fancy_heading .lqd-split-chars .lqd-chars .split-inner, :scope &gt; .elementor-widget-wrap &gt; .elementor-widget-ld_custom_menu .lqd-fancy-menu &gt; ul &gt; li&quot;,&quot;duration&quot;:1000,&quot;delay&quot;:15,&quot;ease&quot;:[&quot;power4.out&quot;],&quot;initValues&quot;:{&quot;y&quot;:&quot;60px&quot;,&quot;opacity&quot;:0,&quot;transformOrigin&quot;:&quot;65% 50% 0px&quot;},&quot;animations&quot;:{&quot;y&quot;:&quot;0px&quot;,&quot;opacity&quot;:1,&quot;transformOrigin&quot;:&quot;50% 50% 0px&quot;}}\" class=\"elementor-column elementor-col-100 elementor-top-column elementor-element elementor-element-7acc083\" data-id=\"7acc083\" data-element_type=\"column\">\n\t\t\t<div class=\"elementor-widget-wrap\">\n\t\t\t\t\t\t\t<\/div>\n\t\t<\/div>\n\t\t\t\t\t<\/div>\n\t\t<\/section>\n\t\t\t\t<section class=\"elementor-section elementor-top-section elementor-element elementor-element-a14f7c2 elementor-section-boxed elementor-section-height-default elementor-section-height-default\" data-id=\"a14f7c2\" data-element_type=\"section\">\n\t\t\t\t\t\t<div class=\"elementor-container elementor-column-gap-default\">\n\t\t\t\t\t<div class=\"elementor-column elementor-col-100 elementor-top-column elementor-element elementor-element-690ad73\" data-id=\"690ad73\" data-element_type=\"column\">\n\t\t\t<div class=\"elementor-widget-wrap elementor-element-populated\">\n\t\t\t\t\t\t<div class=\"elementor-element elementor-element-8d60d17 elementor-widget__width-initial elementor-widget elementor-widget-hub_fancy_heading lqd-el-has-inner-anim\" data-id=\"8d60d17\" data-element_type=\"widget\" data-settings=\"{&quot;enable_split&quot;:&quot;true&quot;,&quot;split_type&quot;:&quot;chars, words&quot;}\" data-widget_type=\"hub_fancy_heading.default\">\n\t\t\t\t<div class=\"elementor-widget-container\">\n\t\t\t\t\t\n\t\t<div id=\"ld-fancy-heading-6a070a9df402a\" class=\"ld-fancy-heading pos-rel mask-text\">\n\t\t\t<h1 class=\"ld-fh-element d-inline-block pos-rel  elementor-heading-title lqd-highlight-classic lqd-highlight-grow-left lqd-split-chars h1\"  data-split-text=\"true\" data-split-options='{\"type\":\"chars, words\"}'> La extraordinaria historia de Seven Visions Resort &amp; Places, The Dvin.<\/h1>\t\t<\/div>\n\n\t\t\t\t\t\t<\/div>\n\t\t\t\t<\/div>\n\t\t\t\t<div class=\"elementor-element elementor-element-425ff3b elementor-widget elementor-widget-text-editor\" data-id=\"425ff3b\" data-element_type=\"widget\" data-widget_type=\"text-editor.default\">\n\t\t\t\t<div class=\"elementor-widget-container\">\n\t\t\t\t\t\t\t\t\t<p class=\"p1\">\u201cBarev Dzez\u201d y bienvenido al universo de Seven Visions Resort &amp; Places, The Dvin: una obra de arte arquitect\u00f3nica, el primer libro escrito en piedra en lugar de palabras. Nos complace invitarle al primer resort hist\u00f3rico, cultural y de entretenimiento del mundo en el coraz\u00f3n de Armenia. Cada detalle de Seven Visions cuenta la historia de Armenia, una de las civilizaciones m\u00e1s antiguas del mundo. Su estancia con nosotros no ser\u00e1 solo unas vacaciones, sino un viaje a trav\u00e9s del tiempo y a mundos nunca antes vistos ni descubiertos. Invitamos a nuestros hu\u00e9spedes a prepararse para el despegue, ya que los llevamos a un nuevo nivel de hospitalidad.<\/p><p class=\"p1\">\u201cShnorhakalutyun\u201d, gracias.<\/p><p class=\"p1\">Nuestro exclusivo resort se encuentra en pleno coraz\u00f3n de la ciudad, rodeado de los lugares m\u00e1s interesantes. Al salir del lobby, se encontrar\u00e1 en el casco antiguo, con calles estrechas y casas del siglo XIX, donde se respira la atm\u00f3sfera del antiguo Erev\u00e1n. Eligiendo uno de los siete caminos hacia la calle Saryan, en tan solo tres minutos caminar\u00e1 por la principal calle gastron\u00f3mica de la capital, donde restaurantes con encanto y boutiques \u00e9tnicas dan la bienvenida a los viajeros. En el lado opuesto del resort se encuentran el desfiladero de Hrazdan, la residencia estatal y el centro m\u00e9dico Nairi. Estamos rodeados por las monta\u00f1as hist\u00f3ricas de Armenia: Ara, Aragats, Nemrut y el majestuoso Monte Ararat.<\/p><p class=\"p1\">A solo mil pasos se encuentran lugares emblem\u00e1ticos como la Cascada, el Matenadar\u00e1n, la Plaza de la Rep\u00fablica, el Teatro Nacional de \u00d3pera y Ballet, el Museo Sergey Parajanov, la casa-museo de Charles Aznavour y la Avenida Norte.<\/p><p class=\"p1\">El aeropuerto est\u00e1 a solo 12 km y la estaci\u00f3n de tren a 4 km del resort.<\/p><p class=\"p1\">Nuestra historia, presente y futuro se reflejan en nuestras 7 VISIONS:<\/p><p class=\"p1\">Visionary \u2014 Un viaje a trav\u00e9s de nuestra visi\u00f3n<\/p><p class=\"p1\">Innovative \u2014 Disfrute del presente respaldado por el futuro<\/p><p class=\"p1\">Sustainable \u2014 Preservamos la belleza y el patrimonio para futuras generaciones<\/p><p class=\"p1\">Intimate \u2014 Cada detalle est\u00e1 dise\u00f1ado con cuidado<\/p><p class=\"p1\">Original \u2014 Cada huella es \u00fanica, como nosotros<\/p><p class=\"p1\">Nostalgic \u2014 No cortamos ra\u00edces, las cultivamos<\/p><p class=\"p1\">Spiritual \u2014 Cuidamos su alma tanto como su cuerpo<\/p><p class=\"p1\">En Seven Visions Resort &amp; Places, The Dvin, cada detalle cuenta una historia, desde la arquitectura hasta la gastronom\u00eda.<\/p><p class=\"p1\">Cada rinc\u00f3n tiene significado, cada piedra es una p\u00e1gina y cada detalle una palabra.<\/p><p class=\"p1\">Las curvas del edificio simbolizan los altibajos de Armenia, culminando en un ascenso hacia un futuro brillante. Cada planta lleva el nombre de una capital hist\u00f3rica de Armenia.<\/p><p class=\"p1\">El teatro simboliza la era precristiana y la Ruta de la Seda.<\/p><p class=\"p1\">Las ventanas representan los \u201cDedos de Dios\u201d, por donde entra la luz, simbolizando la adopci\u00f3n del cristianismo en el a\u00f1o 301.<\/p><p class=\"p1\">El resort cuenta con 153 habitaciones exclusivas de estilo Art Deco. Un antiguo edificio abandonado de 6.000 m\u00b2 ha sido transformado en un complejo de 90.000 m\u00b2.<\/p><p class=\"p1\">En su centro se encuentra el Dvin Music Hall, uno de los espacios m\u00e1s avanzados tecnol\u00f3gicamente del mundo, donde se han reunido l\u00edderes globales.<\/p><p class=\"p1\">El restaurante Hayrik rinde homenaje a la tradici\u00f3n familiar y la cocina armenia.<\/p><p class=\"p1\">Fragrance Gastro Bar es un elegante bar en el lobby con elementos hist\u00f3ricos aut\u00e9nticos.<\/p><p class=\"p1\">The Stage es un gastro show club con espect\u00e1culos en vivo.<\/p><p class=\"p1\">One &amp; Only Theatre es un teatro \u00fanico donde el escenario est\u00e1 en el techo.<\/p><p class=\"p1\">The Pool es una piscina infinity en la azotea de 33 metros con vistas panor\u00e1micas.<\/p><p class=\"p1\">N7 Beach Club ofrece una experiencia \u00fanica de playa en altura.<\/p><p class=\"p1\">Body &amp; Soul Fitness Center ofrece una experiencia fitness premium.<\/p><p class=\"p1\">Future Tower &amp; ARTaments redefine el estilo de vida como arte.<\/p><p class=\"p1\">Hartak Meeting Places dispone de 12 salas de conferencias.<\/p><p class=\"p1\">El resort ha recibido 24 premios internacionales, incluyendo los World Travel Awards y nominaciones al Guinness World Records.<\/p><p class=\"p1\">Seven Visions Resort &amp; Places, The Dvin combina la tradici\u00f3n de la hospitalidad armenia con tendencias globales, creando nuevos est\u00e1ndares.<\/p><p class=\"p1\">No seguimos est\u00e1ndares \u2014 los creamos.<\/p><p class=\"p1\">Bienvenido a Seven Visions Resort &amp; Places, The Dvin.<\/p><p class=\"p1\">\u00a1Disfrute su viaje a trav\u00e9s de nuestras VISIONS!<\/p>\t\t\t\t\t\t\t\t<\/div>\n\t\t\t\t<\/div>\n\t\t\t\t\t<\/div>\n\t\t<\/div>\n\t\t\t\t\t<\/div>\n\t\t<\/section>\n\t\t\t\t<\/div>\n\t\t","protected":false},"excerpt":{"rendered":"<p>La extraordinaria historia de Seven Visions Resort &amp; Places, The Dvin. \u201cBarev Dzez\u201d y bienvenido al universo de Seven Visions Resort &amp; Places, The Dvin: una obra de arte arquitect\u00f3nica, el primer libro escrito en piedra en lugar de palabras. Nos complace invitarle al primer resort hist\u00f3rico, cultural y de entretenimiento del mundo en el [&hellip;]<\/p>\n","protected":false},"author":1,"featured_media":0,"parent":0,"menu_order":0,"comment_status":"closed","ping_status":"closed","template":"","meta":{"_acf_changed":false,"footnotes":""},"class_list":["post-18265","page","type-page","status-publish","hentry"],"acf":[],"yoast_head":"<!-- This site is optimized with the Yoast SEO plugin v27.6 - https:\/\/yoast.com\/product\/yoast-seo-wordpress\/ -->\n<title>Resort History - Seven Visions Resort &amp; Places, The Dvin<\/title>\n<meta name=\"robots\" content=\"index, follow, max-snippet:-1, max-image-preview:large, max-video-preview:-1\" \/>\n<link rel=\"canonical\" href=\"https:\/\/7visionshotels.com\/es\/resort-history\/\" \/>\n<meta property=\"og:locale\" content=\"es_ES\" \/>\n<meta property=\"og:type\" content=\"article\" \/>\n<meta property=\"og:title\" content=\"Resort History - Seven Visions Resort &amp; Places, The Dvin\" \/>\n<meta property=\"og:description\" content=\"La extraordinaria historia de Seven Visions Resort &amp; Places, The Dvin. \u201cBarev Dzez\u201d y bienvenido al universo de Seven Visions Resort &amp; Places, The Dvin: una obra de arte arquitect\u00f3nica, el primer libro escrito en piedra en lugar de palabras. Nos complace invitarle al primer resort hist\u00f3rico, cultural y de entretenimiento del mundo en el [&hellip;]\" \/>\n<meta property=\"og:url\" content=\"https:\/\/7visionshotels.com\/es\/resort-history\/\" \/>\n<meta property=\"og:site_name\" content=\"Seven Visions Resort &amp; Places, The Dvin\" \/>\n<meta property=\"article:publisher\" content=\"https:\/\/www.facebook.com\/sevenvisionshotels.places\/\" \/>\n<meta property=\"article:modified_time\" content=\"2026-04-16T15:10:31+00:00\" \/>\n<meta name=\"twitter:card\" content=\"summary_large_image\" \/>\n<meta name=\"twitter:label1\" content=\"Tiempo de lectura\" \/>\n\t<meta name=\"twitter:data1\" content=\"4 minutos\" \/>\n<script type=\"application\/ld+json\" class=\"yoast-schema-graph\">{\"@context\":\"https:\\\/\\\/schema.org\",\"@graph\":[{\"@type\":\"WebPage\",\"@id\":\"https:\\\/\\\/7visionshotels.com\\\/es\\\/resort-history\\\/\",\"url\":\"https:\\\/\\\/7visionshotels.com\\\/es\\\/resort-history\\\/\",\"name\":\"Resort History - Seven Visions Resort &amp; Places, The Dvin\",\"isPartOf\":{\"@id\":\"https:\\\/\\\/7visionshotels.com\\\/es\\\/#website\"},\"datePublished\":\"2025-07-12T16:06:32+00:00\",\"dateModified\":\"2026-04-16T15:10:31+00:00\",\"breadcrumb\":{\"@id\":\"https:\\\/\\\/7visionshotels.com\\\/es\\\/resort-history\\\/#breadcrumb\"},\"inLanguage\":\"es\",\"potentialAction\":[{\"@type\":\"ReadAction\",\"target\":[\"https:\\\/\\\/7visionshotels.com\\\/es\\\/resort-history\\\/\"]}]},{\"@type\":\"BreadcrumbList\",\"@id\":\"https:\\\/\\\/7visionshotels.com\\\/es\\\/resort-history\\\/#breadcrumb\",\"itemListElement\":[{\"@type\":\"ListItem\",\"position\":1,\"name\":\"Home\",\"item\":\"https:\\\/\\\/7visionshotels.com\\\/es\\\/\"},{\"@type\":\"ListItem\",\"position\":2,\"name\":\"Resort History\"}]},{\"@type\":\"WebSite\",\"@id\":\"https:\\\/\\\/7visionshotels.com\\\/es\\\/#website\",\"url\":\"https:\\\/\\\/7visionshotels.com\\\/es\\\/\",\"name\":\"Seven Visions Resort &amp; Places, The Dvin\",\"description\":\"\",\"publisher\":{\"@id\":\"https:\\\/\\\/7visionshotels.com\\\/es\\\/#organization\"},\"potentialAction\":[{\"@type\":\"SearchAction\",\"target\":{\"@type\":\"EntryPoint\",\"urlTemplate\":\"https:\\\/\\\/7visionshotels.com\\\/es\\\/?s={search_term_string}\"},\"query-input\":{\"@type\":\"PropertyValueSpecification\",\"valueRequired\":true,\"valueName\":\"search_term_string\"}}],\"inLanguage\":\"es\"},{\"@type\":\"Organization\",\"@id\":\"https:\\\/\\\/7visionshotels.com\\\/es\\\/#organization\",\"name\":\"Seven Visions Resort &amp; Places, The Dvin\",\"url\":\"https:\\\/\\\/7visionshotels.com\\\/es\\\/\",\"logo\":{\"@type\":\"ImageObject\",\"inLanguage\":\"es\",\"@id\":\"https:\\\/\\\/7visionshotels.com\\\/es\\\/#\\\/schema\\\/logo\\\/image\\\/\",\"url\":\"https:\\\/\\\/7visionshotels.com\\\/wp-content\\\/uploads\\\/2022\\\/04\\\/7visions-logo.svg\",\"contentUrl\":\"https:\\\/\\\/7visionshotels.com\\\/wp-content\\\/uploads\\\/2022\\\/04\\\/7visions-logo.svg\",\"width\":55,\"height\":35,\"caption\":\"Seven Visions Resort &amp; Places, The Dvin\"},\"image\":{\"@id\":\"https:\\\/\\\/7visionshotels.com\\\/es\\\/#\\\/schema\\\/logo\\\/image\\\/\"},\"sameAs\":[\"https:\\\/\\\/www.facebook.com\\\/sevenvisionshotels.places\\\/\",\"https:\\\/\\\/www.instagram.com\\\/seven_visions_hotels\",\"https:\\\/\\\/www.youtube.com\\\/@sevenvisions\"]}]}<\/script>\n<!-- \/ Yoast SEO plugin. -->","yoast_head_json":{"title":"Resort History - Seven Visions Resort &amp; Places, The Dvin","robots":{"index":"index","follow":"follow","max-snippet":"max-snippet:-1","max-image-preview":"max-image-preview:large","max-video-preview":"max-video-preview:-1"},"canonical":"https:\/\/7visionshotels.com\/es\/resort-history\/","og_locale":"es_ES","og_type":"article","og_title":"Resort History - Seven Visions Resort &amp; Places, The Dvin","og_description":"La extraordinaria historia de Seven Visions Resort &amp; Places, The Dvin. \u201cBarev Dzez\u201d y bienvenido al universo de Seven Visions Resort &amp; Places, The Dvin: una obra de arte arquitect\u00f3nica, el primer libro escrito en piedra en lugar de palabras. Nos complace invitarle al primer resort hist\u00f3rico, cultural y de entretenimiento del mundo en el [&hellip;]","og_url":"https:\/\/7visionshotels.com\/es\/resort-history\/","og_site_name":"Seven Visions Resort &amp; Places, The Dvin","article_publisher":"https:\/\/www.facebook.com\/sevenvisionshotels.places\/","article_modified_time":"2026-04-16T15:10:31+00:00","twitter_card":"summary_large_image","twitter_misc":{"Tiempo de lectura":"4 minutos"},"schema":{"@context":"https:\/\/schema.org","@graph":[{"@type":"WebPage","@id":"https:\/\/7visionshotels.com\/es\/resort-history\/","url":"https:\/\/7visionshotels.com\/es\/resort-history\/","name":"Resort History - Seven Visions Resort &amp; Places, The Dvin","isPartOf":{"@id":"https:\/\/7visionshotels.com\/es\/#website"},"datePublished":"2025-07-12T16:06:32+00:00","dateModified":"2026-04-16T15:10:31+00:00","breadcrumb":{"@id":"https:\/\/7visionshotels.com\/es\/resort-history\/#breadcrumb"},"inLanguage":"es","potentialAction":[{"@type":"ReadAction","target":["https:\/\/7visionshotels.com\/es\/resort-history\/"]}]},{"@type":"BreadcrumbList","@id":"https:\/\/7visionshotels.com\/es\/resort-history\/#breadcrumb","itemListElement":[{"@type":"ListItem","position":1,"name":"Home","item":"https:\/\/7visionshotels.com\/es\/"},{"@type":"ListItem","position":2,"name":"Resort History"}]},{"@type":"WebSite","@id":"https:\/\/7visionshotels.com\/es\/#website","url":"https:\/\/7visionshotels.com\/es\/","name":"Seven Visions Resort &amp; Places, The Dvin","description":"","publisher":{"@id":"https:\/\/7visionshotels.com\/es\/#organization"},"potentialAction":[{"@type":"SearchAction","target":{"@type":"EntryPoint","urlTemplate":"https:\/\/7visionshotels.com\/es\/?s={search_term_string}"},"query-input":{"@type":"PropertyValueSpecification","valueRequired":true,"valueName":"search_term_string"}}],"inLanguage":"es"},{"@type":"Organization","@id":"https:\/\/7visionshotels.com\/es\/#organization","name":"Seven Visions Resort &amp; Places, The Dvin","url":"https:\/\/7visionshotels.com\/es\/","logo":{"@type":"ImageObject","inLanguage":"es","@id":"https:\/\/7visionshotels.com\/es\/#\/schema\/logo\/image\/","url":"https:\/\/7visionshotels.com\/wp-content\/uploads\/2022\/04\/7visions-logo.svg","contentUrl":"https:\/\/7visionshotels.com\/wp-content\/uploads\/2022\/04\/7visions-logo.svg","width":55,"height":35,"caption":"Seven Visions Resort &amp; Places, The Dvin"},"image":{"@id":"https:\/\/7visionshotels.com\/es\/#\/schema\/logo\/image\/"},"sameAs":["https:\/\/www.facebook.com\/sevenvisionshotels.places\/","https:\/\/www.instagram.com\/seven_visions_hotels","https:\/\/www.youtube.com\/@sevenvisions"]}]}},"_links":{"self":[{"href":"https:\/\/7visionshotels.com\/es\/wp-json\/wp\/v2\/pages\/18265","targetHints":{"allow":["GET"]}}],"collection":[{"href":"https:\/\/7visionshotels.com\/es\/wp-json\/wp\/v2\/pages"}],"about":[{"href":"https:\/\/7visionshotels.com\/es\/wp-json\/wp\/v2\/types\/page"}],"author":[{"embeddable":true,"href":"https:\/\/7visionshotels.com\/es\/wp-json\/wp\/v2\/users\/1"}],"replies":[{"embeddable":true,"href":"https:\/\/7visionshotels.com\/es\/wp-json\/wp\/v2\/comments?post=18265"}],"version-history":[{"count":4,"href":"https:\/\/7visionshotels.com\/es\/wp-json\/wp\/v2\/pages\/18265\/revisions"}],"predecessor-version":[{"id":35226,"href":"https:\/\/7visionshotels.com\/es\/wp-json\/wp\/v2\/pages\/18265\/revisions\/35226"}],"wp:attachment":[{"href":"https:\/\/7visionshotels.com\/es\/wp-json\/wp\/v2\/media?parent=18265"}],"curies":[{"name":"wp","href":"https:\/\/api.w.org\/{rel}","templated":true}]}}